{"id":48110,"date":"2024-06-25T17:06:23","date_gmt":"2024-06-25T20:06:23","guid":{"rendered":"https:\/\/manosabiertas.org.ar\/?page_id=48110"},"modified":"2024-08-02T12:07:02","modified_gmt":"2024-08-02T15:07:02","slug":"abroad","status":"publish","type":"page","link":"https:\/\/manosabiertas.org.ar\/it\/abroad\/","title":{"rendered":"Dar ci avvicina"},"content":{"rendered":"<section class=\"l-section wpb_row height_auto color_primary with_img with_shape\"><div class=\"l-section-img\" role=\"img\" aria-label=\"Immagine\" data-img-width=\"2251\" data-img-height=\"2814\" style=\"background-image: url(https:\/\/manosabiertas.org.ar\/wp-content\/uploads\/2024\/05\/FDO-SELLO_Mesa-de-trabajo-1-copia.png);background-repeat: no-repeat;\"><\/div><div class=\"l-section-overlay\" style=\"background:rgba(0,0,0,0.40)\"><\/div><div class=\"l-section-shape type_wave pos_bottom\" style=\"height:8vmax;\"><svg xmlns=\"http:\/\/www.w3.org\/2000\/svg\" viewBox=\"0 4 64 4\" preserveAspectRatio=\"none\" width=\"100%\" height=\"100%\">\r\n\t<path fill=\"currentColor\" d=\"M64 6 C32 0 32 12 0 6 L0 8 L64 8 Z\"\/>\r\n<\/svg><\/div><div class=\"l-section-h i-cf\"><div class=\"g-cols vc_row via_flex valign_middle type_default stacking_default\"><div class=\"vc_col-sm-12 wpb_column vc_column_container\"><div class=\"vc_column-inner\"><div class=\"wpb_wrapper\"><div class=\"w-image us_custom_1fb8b2dc us_animate_this align_center\"><div class=\"w-image-h\"><img decoding=\"async\" width=\"200\" height=\"200\" src=\"https:\/\/manosabiertas.org.ar\/wp-content\/uploads\/2020\/07\/logo-22-200x200.png\" class=\"attachment-us_200_200 size-us_200_200\" alt=\"\" loading=\"lazy\" srcset=\"https:\/\/manosabiertas.org.ar\/wp-content\/uploads\/2020\/07\/logo-22-200x200.png 200w, https:\/\/manosabiertas.org.ar\/wp-content\/uploads\/2020\/07\/logo-22-300x300.png 300w, https:\/\/manosabiertas.org.ar\/wp-content\/uploads\/2020\/07\/logo-22-1024x1024.png 1024w, https:\/\/manosabiertas.org.ar\/wp-content\/uploads\/2020\/07\/logo-22-150x150.png 150w, https:\/\/manosabiertas.org.ar\/wp-content\/uploads\/2020\/07\/logo-22-600x600.png 600w, https:\/\/manosabiertas.org.ar\/wp-content\/uploads\/2020\/07\/logo-22-100x100.png 100w, https:\/\/manosabiertas.org.ar\/wp-content\/uploads\/2020\/07\/logo-22-250x250.png 250w, https:\/\/manosabiertas.org.ar\/wp-content\/uploads\/2020\/07\/logo-22.png 1181w\" sizes=\"auto, (max-width: 200px) 100vw, 200px\" \/><\/div><\/div><div class=\"g-cols wpb_row via_flex valign_top type_default stacking_default\"><div class=\"vc_col-sm-4 wpb_column vc_column_container\"><div class=\"vc_column-inner\"><div class=\"wpb_wrapper\"><div class=\"w-separator size_large\"><\/div><h1 class=\"w-text us_custom_8861d70d us_animate_this\"><span class=\"w-text-h\"><span class=\"w-text-value\">Siamo ci\u00f2 che facciamo<br \/>\nper cambiare il mondo.<\/span><\/span><\/h1><\/div><\/div><\/div><div class=\"vc_col-sm-8 wpb_column vc_column_container\"><div class=\"vc_column-inner us_custom_569ccc66\"><div class=\"wpb_wrapper\"><div class=\"w-video us_custom_a5b982a7 us_animate_this align_none ratio_16x9 has_border_radius has_iframe\"><div class=\"w-video-h\"><iframe title=\"Youtube video player\" src=\"\/\/www.youtube.com\/embed\/xqV_F5bHONk?autoplay=0&controls=0&origin=https:\/\/manosabiertas.org.ar\/it\/&loop=0&mute=0\" allowfullscreen=\"1\" loading=\"lazy\"><\/iframe><\/div><\/div><\/div><\/div><\/div><\/div><div class=\"w-separator hide_on_tablets hide_on_mobiles size_large\"><\/div><\/div><\/div><\/div><\/div><\/div><\/section><section class=\"l-section wpb_row height_large with_img parallax_fixed\"><div class=\"l-section-img\" role=\"img\" aria-label=\"Immagine\" data-img-width=\"2251\" data-img-height=\"2814\" style=\"background-image: url(https:\/\/manosabiertas.org.ar\/wp-content\/uploads\/2024\/05\/FDO-SELLO2_Mesa-de-trabajo-1-copia.png);\"><\/div><div class=\"l-section-overlay\" style=\"background:rgba(255,255,255,0.80)\"><\/div><div class=\"l-section-h i-cf\"><div class=\"g-cols vc_row via_flex valign_middle type_default stacking_default\"><div class=\"vc_col-sm-12 wpb_column vc_column_container\"><div class=\"vc_column-inner\"><div class=\"wpb_wrapper\"><div class=\"g-cols wpb_row via_flex valign_middle type_default stacking_default\"><div class=\"vc_col-sm-6 wpb_column vc_column_container\"><div class=\"vc_column-inner us_custom_b440d71f\"><div class=\"wpb_wrapper\"><div class=\"wpb_text_column us_custom_c7e1ebee us_animate_this\"><div class=\"wpb_wrapper\"><h2>Insieme possiamo fare grandi cose.<\/h2>\n<p>Manos Abiertas Argentina \u00e8 una fondazione che dal 1992 affianca pi\u00f9 di 6000 beneficiari: bambini, adulti, malati e famiglie in situazioni di vulnerabilit\u00e0, che oltre ai loro problemi particolari si trovano soli.<\/p>\n<p>Fate una donazione mensile e contribuite a prendervi cura di coloro che soffrono di pi\u00f9 nella difficile situazione economica e di povert\u00e0 che stanno attraversando<\/p>\n<p><strong>Oggi abbiamo bisogno del vostro aiuto per continuare a cambiare il nostro mondo.<\/strong><\/p>\n<\/div><\/div><div class=\"w-separator size_small\"><\/div><div class=\"w-btn-wrapper align_none\"><a class=\"w-btn us-btn-style_7 us_custom_7ae696da us_animate_this icon_atleft\" target=\"_blank\" rel=\"nofollow\" href=\"https:\/\/www.paypal.com\/donate\/?hosted_button_id=J4WP68NHT7PTS\"><i class=\"fas fa-hand-holding-heart\"><\/i><span class=\"w-btn-label\">DONA<\/span><\/a><\/div><\/div><\/div><\/div><div class=\"vc_col-sm-6 wpb_column vc_column_container\"><div class=\"vc_column-inner\"><div class=\"wpb_wrapper\"><div class=\"w-grid us_carousel us_custom_ae9fd8a8 us_animate_this type_carousel layout_48002 preload_style_spinner ratio_1x1\" id=\"us_grid_1\" style=\"--item-ratio:1;\"><style>.layout_48002 .w-grid-item-h{border-radius:2rem}<\/style><div class=\"w-grid-list owl-carousel valign_stretch dotstyle_circle navstyle_circle arrows-ver-pos_middle arrows-hor-pos_on_sides_outside arrows-disabled_hide owl-responsive-2000\" style=\"--transition-duration:350ms;\">\t<article class=\"w-grid-item post-48564 attachment type-attachment status-inherit hentry\" data-id=\"48564\">\r\n\t\t<div class=\"w-grid-item-h\">\r\n\t\t\t\t\t\t\t<a ref=\"magnificPopupGrid\" href=\"https:\/\/manosabiertas.org.ar\/wp-content\/uploads\/2022\/08\/WhatsApp-Image-2022-09-19-at-1.01.30-PM-2.jpeg\" class=\"w-grid-item-anchor\" aria-label><\/a>\r\n\t\t\t\t\t\t<div class=\"w-post-elm post_image usg_post_image_1 has_ratio\"><img loading=\"lazy\" decoding=\"async\" width=\"1600\" height=\"900\" src=\"https:\/\/manosabiertas.org.ar\/wp-content\/uploads\/2022\/08\/WhatsApp-Image-2022-09-19-at-1.01.30-PM-2.jpeg\" class=\"attachment-full size-full\" alt=\"\" \/><div style=\"padding-bottom:100%\"><\/div><\/div>\t\t<\/div>\r\n\t\t\t<\/article>\r\n\t<article class=\"w-grid-item post-48559 attachment type-attachment status-inherit hentry\" data-id=\"48559\">\r\n\t\t<div class=\"w-grid-item-h\">\r\n\t\t\t\t\t\t\t<a ref=\"magnificPopupGrid\" href=\"https:\/\/manosabiertas.org.ar\/wp-content\/uploads\/2022\/08\/WhatsApp-Image-2022-09-19-at-1.01.32-PM-2.jpeg\" class=\"w-grid-item-anchor\" aria-label><\/a>\r\n\t\t\t\t\t\t<div class=\"w-post-elm post_image usg_post_image_1 has_ratio\"><img loading=\"lazy\" decoding=\"async\" width=\"1600\" height=\"1200\" src=\"https:\/\/manosabiertas.org.ar\/wp-content\/uploads\/2022\/08\/WhatsApp-Image-2022-09-19-at-1.01.32-PM-2.jpeg\" class=\"attachment-full size-full\" alt=\"\" \/><div style=\"padding-bottom:100%\"><\/div><\/div>\t\t<\/div>\r\n\t\t\t<\/article>\r\n\t<article class=\"w-grid-item post-48558 attachment type-attachment status-inherit hentry\" data-id=\"48558\">\r\n\t\t<div class=\"w-grid-item-h\">\r\n\t\t\t\t\t\t\t<a ref=\"magnificPopupGrid\" href=\"https:\/\/manosabiertas.org.ar\/wp-content\/uploads\/2022\/08\/WhatsApp-Image-2022-09-19-at-12.55.58-PM.jpeg\" class=\"w-grid-item-anchor\" aria-label><\/a>\r\n\t\t\t\t\t\t<div class=\"w-post-elm post_image usg_post_image_1 has_ratio\"><img loading=\"lazy\" decoding=\"async\" width=\"1600\" height=\"1200\" src=\"https:\/\/manosabiertas.org.ar\/wp-content\/uploads\/2022\/08\/WhatsApp-Image-2022-09-19-at-12.55.58-PM.jpeg\" class=\"attachment-full size-full\" alt=\"\" \/><div style=\"padding-bottom:100%\"><\/div><\/div>\t\t<\/div>\r\n\t\t\t<\/article>\r\n<\/div><div class=\"w-grid-carousel-json hidden\" onclick='return {&quot;carousel_settings&quot;:{&quot;aria_labels&quot;:{&quot;prev&quot;:&quot;Precedente&quot;,&quot;next&quot;:&quot;Prossimo&quot;},&quot;autoplayContinual&quot;:false,&quot;autoplayHoverPause&quot;:false,&quot;autoplayTimeout&quot;:3000,&quot;autoWidth&quot;:false,&quot;smartSpeed&quot;:350,&quot;margin&quot;:0,&quot;mouseDrag&quot;:true,&quot;rtl&quot;:false,&quot;slideBy&quot;:&quot;1&quot;,&quot;touchDrag&quot;:true,&quot;slideTransition&quot;:&quot;&quot;,&quot;responsive&quot;:{&quot;0&quot;:{&quot;autoHeight&quot;:false,&quot;autoplay&quot;:false,&quot;autoWidth&quot;:false,&quot;center&quot;:false,&quot;dots&quot;:false,&quot;items&quot;:1,&quot;loop&quot;:false,&quot;nav&quot;:false,&quot;stagePadding&quot;:0,&quot;slideBy&quot;:&quot;1&quot;},&quot;601&quot;:{&quot;items&quot;:1,&quot;autoplay&quot;:true,&quot;center&quot;:false,&quot;dots&quot;:false,&quot;nav&quot;:false,&quot;autoHeight&quot;:false,&quot;autoWidth&quot;:false,&quot;loop&quot;:true,&quot;stagePadding&quot;:0}}}}'><\/div><\/div><\/div><\/div><\/div><\/div><div class=\"w-separator size_custom\" style=\"height:6.5vmax\"><\/div><div class=\"g-cols wpb_row via_flex valign_middle type_default reversed\"><div class=\"vc_col-sm-6 wpb_column vc_column_container\"><div class=\"vc_column-inner us_custom_5b82bc21\"><div class=\"wpb_wrapper\"><div class=\"w-grid us_carousel us_custom_97862b19 us_animate_this type_carousel layout_48002 preload_style_spinner ratio_1x1\" id=\"us_grid_2\" style=\"--item-ratio:1;\"><div class=\"w-grid-list owl-carousel valign_stretch dotstyle_circle navstyle_circle arrows-ver-pos_middle arrows-hor-pos_on_sides_outside arrows-disabled_hide owl-responsive-2000\" style=\"--transition-duration:350ms;\">\t<article class=\"w-grid-item post-48527 attachment type-attachment status-inherit hentry\" data-id=\"48527\">\r\n\t\t<div class=\"w-grid-item-h\">\r\n\t\t\t\t\t\t\t<a ref=\"magnificPopupGrid\" href=\"https:\/\/manosabiertas.org.ar\/wp-content\/uploads\/2022\/05\/WhatsApp-Image-2022-09-24-at-8.18.38-PM-1.jpeg\" class=\"w-grid-item-anchor\" aria-label><\/a>\r\n\t\t\t\t\t\t<div class=\"w-post-elm post_image usg_post_image_1 has_ratio\"><img loading=\"lazy\" decoding=\"async\" width=\"1600\" height=\"1200\" src=\"https:\/\/manosabiertas.org.ar\/wp-content\/uploads\/2022\/05\/WhatsApp-Image-2022-09-24-at-8.18.38-PM-1.jpeg\" class=\"attachment-full size-full\" alt=\"\" \/><div style=\"padding-bottom:100%\"><\/div><\/div>\t\t<\/div>\r\n\t\t\t<\/article>\r\n\t<article class=\"w-grid-item post-48520 attachment type-attachment status-inherit hentry\" data-id=\"48520\">\r\n\t\t<div class=\"w-grid-item-h\">\r\n\t\t\t\t\t\t\t<a ref=\"magnificPopupGrid\" href=\"https:\/\/manosabiertas.org.ar\/wp-content\/uploads\/2022\/08\/WhatsApp-Image-2022-09-07-at-8.03.00-PM.jpeg\" class=\"w-grid-item-anchor\" aria-label><\/a>\r\n\t\t\t\t\t\t<div class=\"w-post-elm post_image usg_post_image_1 has_ratio\"><img loading=\"lazy\" decoding=\"async\" width=\"1280\" height=\"960\" src=\"https:\/\/manosabiertas.org.ar\/wp-content\/uploads\/2022\/08\/WhatsApp-Image-2022-09-07-at-8.03.00-PM.jpeg\" class=\"attachment-full size-full\" alt=\"\" \/><div style=\"padding-bottom:100%\"><\/div><\/div>\t\t<\/div>\r\n\t\t\t<\/article>\r\n\t<article class=\"w-grid-item post-48509 attachment type-attachment status-inherit hentry\" data-id=\"48509\">\r\n\t\t<div class=\"w-grid-item-h\">\r\n\t\t\t\t\t\t\t<a ref=\"magnificPopupGrid\" href=\"https:\/\/manosabiertas.org.ar\/wp-content\/uploads\/2022\/05\/WhatsApp-Image-2022-08-05-at-1.46.10-PM-2.jpeg\" class=\"w-grid-item-anchor\" aria-label><\/a>\r\n\t\t\t\t\t\t<div class=\"w-post-elm post_image usg_post_image_1 has_ratio\"><img loading=\"lazy\" decoding=\"async\" width=\"1024\" height=\"768\" src=\"https:\/\/manosabiertas.org.ar\/wp-content\/uploads\/2022\/05\/WhatsApp-Image-2022-08-05-at-1.46.10-PM-2.jpeg\" class=\"attachment-full size-full\" alt=\"\" \/><div style=\"padding-bottom:100%\"><\/div><\/div>\t\t<\/div>\r\n\t\t\t<\/article>\r\n<\/div><div class=\"w-grid-carousel-json hidden\" onclick='return {&quot;carousel_settings&quot;:{&quot;aria_labels&quot;:{&quot;prev&quot;:&quot;Precedente&quot;,&quot;next&quot;:&quot;Prossimo&quot;},&quot;autoplayContinual&quot;:false,&quot;autoplayHoverPause&quot;:false,&quot;autoplayTimeout&quot;:3000,&quot;autoWidth&quot;:false,&quot;smartSpeed&quot;:350,&quot;margin&quot;:0,&quot;mouseDrag&quot;:true,&quot;rtl&quot;:false,&quot;slideBy&quot;:&quot;1&quot;,&quot;touchDrag&quot;:true,&quot;slideTransition&quot;:&quot;&quot;,&quot;responsive&quot;:{&quot;0&quot;:{&quot;autoHeight&quot;:false,&quot;autoplay&quot;:false,&quot;autoWidth&quot;:false,&quot;center&quot;:false,&quot;dots&quot;:false,&quot;items&quot;:1,&quot;loop&quot;:false,&quot;nav&quot;:false,&quot;stagePadding&quot;:0,&quot;slideBy&quot;:&quot;1&quot;},&quot;601&quot;:{&quot;items&quot;:1,&quot;autoplay&quot;:true,&quot;center&quot;:false,&quot;dots&quot;:false,&quot;nav&quot;:false,&quot;autoHeight&quot;:false,&quot;autoWidth&quot;:false,&quot;loop&quot;:true,&quot;stagePadding&quot;:0}}}}'><\/div><\/div><\/div><\/div><\/div><div class=\"vc_col-sm-6 wpb_column vc_column_container\"><div class=\"vc_column-inner\"><div class=\"wpb_wrapper\"><div class=\"wpb_text_column us_custom_1fb8b2dc us_animate_this\"><div class=\"wpb_wrapper\"><h2>Siamo ci\u00f2 che facciamo per cambiare il mondo.<\/h2>\n<p>Con la tua donazione mensile&#8230; <strong>oggi puoi:<\/strong><\/p>\n<ul>\n<li><strong>Prevenire la solitudine<\/strong>, calmare una mano tremante e preparare un pasto caldo in pieno inverno.<\/li>\n<li><strong>Condividere abbracci<\/strong>, cantare le stesse canzoni e leggere libri ad alta voce.<\/li>\n<li><strong>Guardare negli occhi<\/strong>, chiamare quando un altro ha bisogno di essere ascoltato e sostenere chi pensa di non farcela. chi sa di non riuscire.<\/li>\n<li><strong>Inventare storie per ridere<\/strong>, giocare a essere bambini e condividere ci\u00f2 che sappiamo.<\/li>\n<li><strong>Cucinare con il sorriso<\/strong>, camminare al ritmo dell&#8217;altro e restare quando il silenzio fa male.<\/li>\n<li><strong>Cercare i tesori che esistono nelle storie<\/strong>, asciugare una lacrima di qualcuno ferito e servire la tavola facendo nuove amicizie.<\/li>\n<li><strong>Ascoltare le storie di uomini dimenticati<\/strong>, essere una voce per chi tace e incoraggiare chi \u00e8 stanco.<\/li>\n<li><strong>Essere presenti significa persistere nonostante le difficolt\u00e0<\/strong>, insistere nonostante le avversit\u00e0 e credere che, insieme, lo sogniamo e lo facciamo.<\/li>\n<\/ul>\n<\/div><\/div><\/div><\/div><\/div><\/div><\/div><\/div><\/div><\/div><\/div><\/section><section class=\"l-section wpb_row height_large full_height valign_center color_primary with_img with_shape\"><div class=\"l-section-img\" role=\"img\" aria-label=\"Immagine\" data-img-width=\"591\" data-img-height=\"592\" style=\"background-image: url(https:\/\/manosabiertas.org.ar\/wp-content\/uploads\/2024\/05\/Sello_2.png);\"><\/div><div class=\"l-section-overlay\" style=\"background:rgba(40,41,92,0.40)\"><\/div><div class=\"l-section-shape type_wave pos_top hor_flip\" style=\"height:8vmax;\"><svg xmlns=\"http:\/\/www.w3.org\/2000\/svg\" viewBox=\"0 4 64 4\" preserveAspectRatio=\"none\" width=\"100%\" height=\"100%\">\r\n\t<path fill=\"currentColor\" d=\"M64 6 C32 0 32 12 0 6 L0 8 L64 8 Z\"\/>\r\n<\/svg><\/div><div class=\"l-section-shape type_wave pos_bottom\" style=\"height:8vmax;color:var(--color-content-primary)\"><svg xmlns=\"http:\/\/www.w3.org\/2000\/svg\" viewBox=\"0 4 64 4\" preserveAspectRatio=\"none\" width=\"100%\" height=\"100%\">\r\n\t<path fill=\"currentColor\" d=\"M64 6 C32 0 32 12 0 6 L0 8 L64 8 Z\"\/>\r\n<\/svg><\/div><div class=\"l-section-h i-cf\"><div class=\"g-cols vc_row via_flex valign_top type_default stacking_default\"><div class=\"vc_col-sm-12 wpb_column vc_column_container\"><div class=\"vc_column-inner\"><div class=\"wpb_wrapper\"><div class=\"wpb_text_column us_custom_14945cfb us_animate_this\"><div class=\"wpb_wrapper\"><h2>Oggi abbiamo bisogno del vostro aiuto per continuare a cambiare il nostro mondo<\/h2>\n<\/div><\/div><div class=\"w-separator size_custom\" style=\"height:30px\"><\/div><\/div><\/div><\/div><\/div><\/div><\/section><section class=\"l-section wpb_row height_large color_primary\"><div class=\"l-section-h i-cf\"><div class=\"g-cols vc_row via_flex valign_top type_default stacking_default\"><div class=\"vc_col-sm-12 wpb_column vc_column_container\"><div class=\"vc_column-inner\"><div class=\"wpb_wrapper\"><div class=\"wpb_text_column us_custom_edc08553 us_animate_this\"><div class=\"wpb_wrapper\"><h3>Gioiosi nella speranza, impegnati nel servizio<\/h3>\n<\/div><\/div><div class=\"w-separator size_custom\" style=\"height:50px\" id=\"eeb0\"><style>@media(max-width:609px){ #eeb0{height:30px!important}}<\/style><\/div><div class=\"w-btn-wrapper align_center\"><a class=\"w-btn us-btn-style_3 us_custom_1fb8b2dc us_animate_this icon_atright\" target=\"_blank\" href=\"\/\"><span class=\"w-btn-label\">www.manosabiertas.org.ar<\/span><i class=\"fas fa-arrow-right\"><\/i><\/a><\/div><div class=\"w-separator size_custom\" style=\"height:50px\" id=\"rf88\"><style>@media(max-width:609px){ #rf88{height:30px!important}}<\/style><\/div><div class=\"w-socials us_custom_9d45435c us_animate_this color_text shape_none\" style=\"--gap:0.8em;\"><div class=\"w-socials-list\"><div class=\"w-socials-item instagram\"><a target=\"_blank\" rel=\"nofollow\" href=\"http:\/\/www.instagram.com\/manosabiertas\" class=\"w-socials-item-link\" aria-label=\"Instagram\"><span class=\"w-socials-item-link-hover\"><\/span><i class=\"fab fa-instagram\"><\/i><\/a><div class=\"w-socials-item-popup\"><span>Instagram<\/span><\/div><\/div><div class=\"w-socials-item youtube\"><a target=\"_blank\" rel=\"nofollow\" href=\"https:\/\/www.youtube.com\/channel\/UClid9qzpiBlR0dWeNp2ByMg\" class=\"w-socials-item-link\" aria-label=\"YouTube\"><span class=\"w-socials-item-link-hover\"><\/span><i class=\"fab fa-youtube\"><\/i><\/a><div class=\"w-socials-item-popup\"><span>YouTube<\/span><\/div><\/div><\/div><\/div><\/div><\/div><\/div><\/div><\/div><\/section>\n","protected":false},"excerpt":{"rendered":"","protected":false},"author":1,"featured_media":0,"parent":0,"menu_order":0,"comment_status":"closed","ping_status":"closed","template":"","meta":{"_acf_changed":false,"footnotes":""},"class_list":["post-48110","page","type-page","status-publish","hentry"],"acf":[],"_links":{"self":[{"href":"https:\/\/manosabiertas.org.ar\/it\/wp-json\/wp\/v2\/pages\/48110","targetHints":{"allow":["GET"]}}],"collection":[{"href":"https:\/\/manosabiertas.org.ar\/it\/wp-json\/wp\/v2\/pages"}],"about":[{"href":"https:\/\/manosabiertas.org.ar\/it\/wp-json\/wp\/v2\/types\/page"}],"author":[{"embeddable":true,"href":"https:\/\/manosabiertas.org.ar\/it\/wp-json\/wp\/v2\/users\/1"}],"replies":[{"embeddable":true,"href":"https:\/\/manosabiertas.org.ar\/it\/wp-json\/wp\/v2\/comments?post=48110"}],"version-history":[{"count":5,"href":"https:\/\/manosabiertas.org.ar\/it\/wp-json\/wp\/v2\/pages\/48110\/revisions"}],"predecessor-version":[{"id":49592,"href":"https:\/\/manosabiertas.org.ar\/it\/wp-json\/wp\/v2\/pages\/48110\/revisions\/49592"}],"wp:attachment":[{"href":"https:\/\/manosabiertas.org.ar\/it\/wp-json\/wp\/v2\/media?parent=48110"}],"curies":[{"name":"wp","href":"https:\/\/api.w.org\/{rel}","templated":true}]}}